{"id":2,"date":"2016-02-05T17:21:02","date_gmt":"2016-02-05T16:21:02","guid":{"rendered":"http:\/\/odenas.se\/wp\/?page_id=2"},"modified":"2016-07-01T09:14:39","modified_gmt":"2016-07-01T08:14:39","slug":"sample-page","status":"publish","type":"page","link":"https:\/\/odenas.se\/wp\/?page_id=2","title":{"rendered":"Om \u00f6den\u00e4s.se"},"content":{"rendered":"<p>Hej! V\u00e4lkommen till \u00f6den\u00e4s.se.<\/p>\n<p>\u00d6den\u00e4s.se \u00e4r en sajt om allt som h\u00e4nder i byn och f\u00f6r alla som bor i eller n\u00e4ra \u00d6den\u00e4s. Vi som sk\u00f6ter sidan heter Eva och Peter. Vi g\u00f6r det p\u00e5 fritiden, och det \u00e4r inte kommersiellt. Det kostar inget att annonsera h\u00e4r, om du bor i n\u00e4rheten eller om det handlar om byn, och vi tar g\u00e4rna emot ins\u00e4ndare och bilder.<\/p>\n<p>Vill du k\u00f6pa eller s\u00e4lja n\u00e5got? Vill du ber\u00e4tta om n\u00e5got som h\u00e4nder? Skicka in n\u00e5gra rader.<\/p>\n<p>Har du fr\u00e5gor om n\u00e5got s\u00e5 kolla l\u00e4nkarna till f\u00f6reningarna, d\u00e4r finns folk som vet det mesta om vad som h\u00e4nder i byn.<\/p>\n<p>Ser du n\u00e5got p\u00e5 \u00f6den\u00e4s.se som \u00e4r fel, eller saknar n\u00e5got som borde finnas h\u00e4r, h\u00f6r av dig!<\/p>\n<p>Du n\u00e5r oss med e-post:\u00a0<a title=\"mailto:webmaster@odenas.se?subject=Kontakt\" href=\"mailto:webmaster@odenas.se?subject=Kontakt\">webmaster@odenas.se<\/a><a title=\"mailto:webmaster@odenas.se?subject=Kontakt\" href=\"mailto:webmaster@odenas.se?subject=Kontakt\">\u00a0<\/a><\/p>\n<p>Vi brukar svara p\u00e5\u00a0 brev, om du inte f\u00e5r svar inom n\u00e5gra dagar s\u00e5 kolla att inte brevet hamnat i skr\u00e4pposten.<\/p>\n","protected":false},"excerpt":{"rendered":"<p class=\"post-excerpt\">Hej! V\u00e4lkommen till \u00f6den\u00e4s.se. \u00d6den\u00e4s.se \u00e4r en sajt om allt som h\u00e4nder i byn och f\u00f6r alla som bor i&#8230;<\/p>\n","protected":false},"author":1,"featured_media":0,"parent":0,"menu_order":0,"comment_status":"closed","ping_status":"closed","template":"","meta":{"ngg_post_thumbnail":0},"_links":{"self":[{"href":"https:\/\/odenas.se\/wp\/index.php?rest_route=\/wp\/v2\/pages\/2"}],"collection":[{"href":"https:\/\/odenas.se\/wp\/index.php?rest_route=\/wp\/v2\/pages"}],"about":[{"href":"https:\/\/odenas.se\/wp\/index.php?rest_route=\/wp\/v2\/types\/page"}],"author":[{"embeddable":true,"href":"https:\/\/odenas.se\/wp\/index.php?rest_route=\/wp\/v2\/users\/1"}],"replies":[{"embeddable":true,"href":"https:\/\/odenas.se\/wp\/index.php?rest_route=%2Fwp%2Fv2%2Fcomments&post=2"}],"version-history":[{"count":10,"href":"https:\/\/odenas.se\/wp\/index.php?rest_route=\/wp\/v2\/pages\/2\/revisions"}],"predecessor-version":[{"id":652,"href":"https:\/\/odenas.se\/wp\/index.php?rest_route=\/wp\/v2\/pages\/2\/revisions\/652"}],"wp:attachment":[{"href":"https:\/\/odenas.se\/wp\/index.php?rest_route=%2Fwp%2Fv2%2Fmedia&parent=2"}],"curies":[{"name":"wp","href":"https:\/\/api.w.org\/{rel}","templated":true}]}}